{"id":120,"date":"2010-09-09T22:04:27","date_gmt":"2010-09-09T22:04:27","guid":{"rendered":"http:\/\/alternatifs81.fr\/Blog\/?page_id=120"},"modified":"2010-09-09T22:04:43","modified_gmt":"2010-09-09T22:04:43","slug":"autogestionnaires","status":"publish","type":"page","link":"https:\/\/alternatifs81.fr\/?page_id=120","title":{"rendered":"Autogestionnaires"},"content":{"rendered":"<p>L&rsquo;ambition des\u00a0<strong>Alternatifs<\/strong> est que chaque femme, chaque homme, puisse peser sur tous les choix collectifs qui comptent dans la vie. Cela n\u00e9cessite des transformations radicales :<\/p>\n<p>&#8211; dans le champ \u00e9conomique : nouveaux droits des travailleurs, remise en cause dans l&rsquo;entreprise des hi\u00e9rarchies et de la propri\u00e9t\u00e9, &#8230;<\/p>\n<p>&#8211; dans le champ politique : d\u00e9veloppement de la\u00a0<strong><span style=\"color: #ff0000;\">d\u00e9mocratie directe<\/span><\/strong> (assembl\u00e9es citoyennes, de quartier, proc\u00e9dures participatives, r\u00e9f\u00e9rendums&#8230;) ; contr\u00f4le des \u00e9lu-e-s par les citoyen-ne-s ; droit de vote et d&rsquo;\u00e9ligibilit\u00e9 pour tous les r\u00e9sidents \u00e9trangers&#8230;<\/p>\n<p>&#8211; renforcer et \u00e9tendre les\u00a0<span style=\"color: #ff0000;\"><strong>services publics<\/strong><\/span>, les d\u00e9mocratiser par des comit\u00e9s d&rsquo;usagers et l&rsquo;exp\u00e9rimentation d&rsquo;autogestion par les salari\u00e9s&#8230;<\/p>\n<p>Au-del\u00e0, les institutions europ\u00e9ennes et internationales doivent \u00eatre radicalement transform\u00e9es et d\u00e9mocratis\u00e9es, afin qu&rsquo;elles soient au service des peuples.<\/p>\n<p><a href=\"http:\/\/www.alternatifs.org\/quisont\/qs_index.html\">http:\/\/www.alternatifs.org\/spip\/-qui-sommes-nous-<\/a><\/p>\n<gcse:search><\/gcse:search>","protected":false},"excerpt":{"rendered":"<p>L&rsquo;ambition des\u00a0Alternatifs est que chaque femme, chaque homme, puisse peser sur tous les choix collectifs qui comptent dans la vie. Cela n\u00e9cessite des transformations radicales : &#8211; dans le champ \u00e9conomique : nouveaux droits des travailleurs, remise en cause dans l&rsquo;entreprise des hi\u00e9rarchies et de la propri\u00e9t\u00e9, &#8230; &#8211; dans le champ politique : d\u00e9veloppement [&hellip;]<\/p>\n","protected":false},"author":1,"featured_media":0,"parent":0,"menu_order":0,"comment_status":"open","ping_status":"closed","template":"","meta":{"footnotes":""},"class_list":["post-120","page","type-page","status-publish","hentry"],"_links":{"self":[{"href":"https:\/\/alternatifs81.fr\/index.php?rest_route=\/wp\/v2\/pages\/120","targetHints":{"allow":["GET"]}}],"collection":[{"href":"https:\/\/alternatifs81.fr\/index.php?rest_route=\/wp\/v2\/pages"}],"about":[{"href":"https:\/\/alternatifs81.fr\/index.php?rest_route=\/wp\/v2\/types\/page"}],"author":[{"embeddable":true,"href":"https:\/\/alternatifs81.fr\/index.php?rest_route=\/wp\/v2\/users\/1"}],"replies":[{"embeddable":true,"href":"https:\/\/alternatifs81.fr\/index.php?rest_route=%2Fwp%2Fv2%2Fcomments&post=120"}],"version-history":[{"count":0,"href":"https:\/\/alternatifs81.fr\/index.php?rest_route=\/wp\/v2\/pages\/120\/revisions"}],"wp:attachment":[{"href":"https:\/\/alternatifs81.fr\/index.php?rest_route=%2Fwp%2Fv2%2Fmedia&parent=120"}],"curies":[{"name":"wp","href":"https:\/\/api.w.org\/{rel}","templated":true}]}}