{"id":118,"date":"2010-09-09T22:03:35","date_gmt":"2010-09-09T22:03:35","guid":{"rendered":"http:\/\/alternatifs81.fr\/Blog\/?page_id=118"},"modified":"2010-09-09T22:03:35","modified_gmt":"2010-09-09T22:03:35","slug":"feministes","status":"publish","type":"page","link":"https:\/\/alternatifs81.fr\/?page_id=118","title":{"rendered":"F\u00e9ministes"},"content":{"rendered":"<p><strong><span style=\"color: #cc99ff;\">Il n\u2019y aura pas de v\u00e9ritable d\u00e9mocratie<\/span><\/strong>, ici ou ailleurs\u00a0<strong><span style=\"color: #cc99ff;\">tant que les femmes auront un statut mineur<\/span><\/strong>. Les Alternatifs combattent pour l\u2019\u00e9mancipation de toutes et de tous, pour la conqu\u00eate de droits fondamentaux.<\/p>\n<p>Pour une \u00e9galit\u00e9 r\u00e9elle entre hommes et femmes<\/p>\n<p>Egalit\u00e9 politique, avec parit\u00e9 effective<br \/>\nEgalit\u00e9 sociale et professionelle : contre la pr\u00e9carisation, le temps partiel impos\u00e9 et les in\u00e9galit\u00e9s salariales.<br \/>\nEgalit\u00e9 dans la sph\u00e8re priv\u00e9e : pour une \u00e9ducation lib\u00e9r\u00e9e de ses mod\u00e8les sexistes, le libre acc\u00e8s \u00e0 la contraception et \u00e0 l\u2019avortement, contre la marchandisation des corps et les violences faites aux femmes.<br \/>\nPour un changement de regard sur l\u2019\u00e9ducation des enfants et le partage entre hommes et femmes des t\u00e2ches \u00e9ducatives.<\/p>\n<gcse:search><\/gcse:search>","protected":false},"excerpt":{"rendered":"<p>Il n\u2019y aura pas de v\u00e9ritable d\u00e9mocratie, ici ou ailleurs\u00a0tant que les femmes auront un statut mineur. Les Alternatifs combattent pour l\u2019\u00e9mancipation de toutes et de tous, pour la conqu\u00eate de droits fondamentaux. Pour une \u00e9galit\u00e9 r\u00e9elle entre hommes et femmes Egalit\u00e9 politique, avec parit\u00e9 effective Egalit\u00e9 sociale et professionelle : contre la pr\u00e9carisation, le [&hellip;]<\/p>\n","protected":false},"author":1,"featured_media":0,"parent":0,"menu_order":0,"comment_status":"open","ping_status":"closed","template":"","meta":{"footnotes":""},"class_list":["post-118","page","type-page","status-publish","hentry"],"_links":{"self":[{"href":"https:\/\/alternatifs81.fr\/index.php?rest_route=\/wp\/v2\/pages\/118","targetHints":{"allow":["GET"]}}],"collection":[{"href":"https:\/\/alternatifs81.fr\/index.php?rest_route=\/wp\/v2\/pages"}],"about":[{"href":"https:\/\/alternatifs81.fr\/index.php?rest_route=\/wp\/v2\/types\/page"}],"author":[{"embeddable":true,"href":"https:\/\/alternatifs81.fr\/index.php?rest_route=\/wp\/v2\/users\/1"}],"replies":[{"embeddable":true,"href":"https:\/\/alternatifs81.fr\/index.php?rest_route=%2Fwp%2Fv2%2Fcomments&post=118"}],"version-history":[{"count":0,"href":"https:\/\/alternatifs81.fr\/index.php?rest_route=\/wp\/v2\/pages\/118\/revisions"}],"wp:attachment":[{"href":"https:\/\/alternatifs81.fr\/index.php?rest_route=%2Fwp%2Fv2%2Fmedia&parent=118"}],"curies":[{"name":"wp","href":"https:\/\/api.w.org\/{rel}","templated":true}]}}