{"id":116,"date":"2010-09-09T22:02:52","date_gmt":"2010-09-09T22:02:52","guid":{"rendered":"http:\/\/alternatifs81.fr\/Blog\/?page_id=116"},"modified":"2010-09-09T22:02:52","modified_gmt":"2010-09-09T22:02:52","slug":"verts","status":"publish","type":"page","link":"https:\/\/alternatifs81.fr\/?page_id=116","title":{"rendered":"Verts"},"content":{"rendered":"<div>\n<p>Nous n\u2019avons pas le culte d\u2019une nature id\u00e9alis\u00e9e, mais\u00a0<span style=\"color: #99cc00;\">nous d\u00e9non\u00e7ons la logique du profit et du productivisme<\/span>. La crise \u00e9cologique est l\u00e0 avec les perturbations climatiques. Les ressources naturelles ne sont pas infinies. L\u2019alter-d\u00e9veloppement esr notre r\u00e9ponse pour le futur : agriculture paysanne et autonomie alimentaire ; refus du pillage des ressources naturelles ; am\u00e9nagement \u00e9quilibr\u00e9 des territoires et relocalisation des activit\u00e9s ; abandon du nucl\u00e9aire ; politique globale d\u2019\u00e9conomies d\u2019\u00e9nergie et de recours aux \u00e9nergies renouvelables ; utilit\u00e9 sociale plut\u00f4t que r\u00e8gne de la marchandisation.<\/p>\n<p>L\u2019\u00e9coligie est une dimension essentielle de notre projet d\u2019\u00e9mancipation ; un projet \u00e0 l\u2019\u00e9chelle de la plan\u00e8te.<\/p>\n<\/div>\n<gcse:search><\/gcse:search>","protected":false},"excerpt":{"rendered":"<p>Nous n\u2019avons pas le culte d\u2019une nature id\u00e9alis\u00e9e, mais\u00a0nous d\u00e9non\u00e7ons la logique du profit et du productivisme. La crise \u00e9cologique est l\u00e0 avec les perturbations climatiques. Les ressources naturelles ne sont pas infinies. L\u2019alter-d\u00e9veloppement esr notre r\u00e9ponse pour le futur : agriculture paysanne et autonomie alimentaire ; refus du pillage des ressources naturelles ; am\u00e9nagement [&hellip;]<\/p>\n","protected":false},"author":1,"featured_media":0,"parent":0,"menu_order":0,"comment_status":"open","ping_status":"closed","template":"","meta":{"footnotes":""},"class_list":["post-116","page","type-page","status-publish","hentry"],"_links":{"self":[{"href":"https:\/\/alternatifs81.fr\/index.php?rest_route=\/wp\/v2\/pages\/116","targetHints":{"allow":["GET"]}}],"collection":[{"href":"https:\/\/alternatifs81.fr\/index.php?rest_route=\/wp\/v2\/pages"}],"about":[{"href":"https:\/\/alternatifs81.fr\/index.php?rest_route=\/wp\/v2\/types\/page"}],"author":[{"embeddable":true,"href":"https:\/\/alternatifs81.fr\/index.php?rest_route=\/wp\/v2\/users\/1"}],"replies":[{"embeddable":true,"href":"https:\/\/alternatifs81.fr\/index.php?rest_route=%2Fwp%2Fv2%2Fcomments&post=116"}],"version-history":[{"count":0,"href":"https:\/\/alternatifs81.fr\/index.php?rest_route=\/wp\/v2\/pages\/116\/revisions"}],"wp:attachment":[{"href":"https:\/\/alternatifs81.fr\/index.php?rest_route=%2Fwp%2Fv2%2Fmedia&parent=116"}],"curies":[{"name":"wp","href":"https:\/\/api.w.org\/{rel}","templated":true}]}}