{"id":114,"date":"2010-09-09T22:02:05","date_gmt":"2010-09-09T22:02:05","guid":{"rendered":"http:\/\/alternatifs81.fr\/Blog\/?page_id=114"},"modified":"2010-09-09T22:02:05","modified_gmt":"2010-09-09T22:02:05","slug":"rouges","status":"publish","type":"page","link":"https:\/\/alternatifs81.fr\/?page_id=114","title":{"rendered":"Rouges"},"content":{"rendered":"<div>\n<p>Les Alternatifs agissent pour\u00a0un nouveau projet d\u2019\u00e9mancipation sociale\u00a0; un projet aurogestionnaire qui prenne en compte le meilleur des aspirations sociales, f\u00e9ministes et \u00e9cologistes ; un projet pour l\u2019\u00e9galit\u00e9 et contre toutes les discriminations, contre toutes les dominations, le racisme, l\u2019homophobie. Contre le capitalisme ultra-lib\u00e9ral et autoritaire qui d\u00e9truit les acquis sociaux et marchandise nos existences, nous d\u00e9fendons pour toutes et tous le droit \u00e0 un revenu permettant une vie \u00e9panouissante, le droit au logement, \u00e0 la sant\u00e9, \u00e0 l\u2019\u00e9ducation et \u00e0 la culture.<\/p>\n<p>Face \u00e0 l\u2019offensive lib\u00e9rale plan\u00e9taire, il faut un changement radical et profond : une r\u00e9volution. Pas un \u00ab\u00a0grand soir\u00a0\u00bb, mais une r\u00e9volution longue s\u2019enrichissant des mobilisations sociales, d\u2019exp\u00e9riences, de critiques, de d\u00e9bats avec le plus grand nombre (individus, syndicats, associations, formations politiques).<\/p>\n<p>Les Alternatifs sont partisants de la convergence des luttes et internationalistes. C\u2019est \u00e0 l\u2019\u00e9chelle de l\u2019Europe et du Monde, particuli\u00e8rement avec le Sud, qu\u2019il faut agir et penser le changement de soci\u00e9t\u00e9 et l\u2019\u00e9mancipation humaine.<\/p>\n<\/div>\n<gcse:search><\/gcse:search>","protected":false},"excerpt":{"rendered":"<p>Les Alternatifs agissent pour\u00a0un nouveau projet d\u2019\u00e9mancipation sociale\u00a0; un projet aurogestionnaire qui prenne en compte le meilleur des aspirations sociales, f\u00e9ministes et \u00e9cologistes ; un projet pour l\u2019\u00e9galit\u00e9 et contre toutes les discriminations, contre toutes les dominations, le racisme, l\u2019homophobie. Contre le capitalisme ultra-lib\u00e9ral et autoritaire qui d\u00e9truit les acquis sociaux et marchandise nos existences, [&hellip;]<\/p>\n","protected":false},"author":1,"featured_media":0,"parent":0,"menu_order":0,"comment_status":"open","ping_status":"closed","template":"","meta":{"footnotes":""},"class_list":["post-114","page","type-page","status-publish","hentry"],"_links":{"self":[{"href":"https:\/\/alternatifs81.fr\/index.php?rest_route=\/wp\/v2\/pages\/114","targetHints":{"allow":["GET"]}}],"collection":[{"href":"https:\/\/alternatifs81.fr\/index.php?rest_route=\/wp\/v2\/pages"}],"about":[{"href":"https:\/\/alternatifs81.fr\/index.php?rest_route=\/wp\/v2\/types\/page"}],"author":[{"embeddable":true,"href":"https:\/\/alternatifs81.fr\/index.php?rest_route=\/wp\/v2\/users\/1"}],"replies":[{"embeddable":true,"href":"https:\/\/alternatifs81.fr\/index.php?rest_route=%2Fwp%2Fv2%2Fcomments&post=114"}],"version-history":[{"count":0,"href":"https:\/\/alternatifs81.fr\/index.php?rest_route=\/wp\/v2\/pages\/114\/revisions"}],"wp:attachment":[{"href":"https:\/\/alternatifs81.fr\/index.php?rest_route=%2Fwp%2Fv2%2Fmedia&parent=114"}],"curies":[{"name":"wp","href":"https:\/\/api.w.org\/{rel}","templated":true}]}}